{"id":34634,"date":"2026-03-20T15:20:15","date_gmt":"2026-03-20T20:20:15","guid":{"rendered":"https:\/\/viajes-anita.com\/?page_id=34634"},"modified":"2026-03-20T15:22:07","modified_gmt":"2026-03-20T20:22:07","slug":"chatbot","status":"publish","type":"page","link":"https:\/\/viajes-anita.com\/en\/chatbot\/","title":{"rendered":"ChatBot"},"content":{"rendered":"\t\t<div data-elementor-type=\"wp-page\" data-elementor-id=\"34634\" class=\"elementor elementor-34634\" data-elementor-post-type=\"page\">\n\t\t\t\t<div class=\"elementor-element elementor-element-ccac9bb e-flex e-con-boxed e-con e-parent\" data-id=\"ccac9bb\" data-element_type=\"container\" data-e-type=\"container\" data-settings=\"{&quot;background_background&quot;:&quot;slideshow&quot;,&quot;background_slideshow_gallery&quot;:[{&quot;id&quot;:22790,&quot;url&quot;:&quot;https:\\\/\\\/viajes-anita.com\\\/wp-content\\\/uploads\\\/2024\\\/11\\\/Viajes-negocios-ava-2.jpg&quot;},{&quot;id&quot;:24518,&quot;url&quot;:&quot;https:\\\/\\\/viajes-anita.com\\\/wp-content\\\/uploads\\\/2024\\\/11\\\/BANNER-1440x500-CORPORATIVO-1.jpg&quot;}],&quot;background_slideshow_loop&quot;:&quot;yes&quot;,&quot;background_slideshow_slide_duration&quot;:5000,&quot;background_slideshow_slide_transition&quot;:&quot;fade&quot;,&quot;background_slideshow_transition_duration&quot;:500}\">\n\t\t\t\t\t<div class=\"e-con-inner\">\n\t\t\t\t<div class=\"elementor-element elementor-element-8aa8168 elementor-widget elementor-widget-heading\" data-id=\"8aa8168\" data-element_type=\"widget\" data-e-type=\"widget\" data-widget_type=\"heading.default\">\n\t\t\t\t<div class=\"elementor-widget-container\">\n\t\t\t\t\t<h1 class=\"elementor-heading-title elementor-size-default\">Servicios Corporativos<\/h1>\t\t\t\t<\/div>\n\t\t\t\t<\/div>\n\t\t\t\t\t<\/div>\n\t\t\t\t<\/div>\n\t\t<div class=\"elementor-element elementor-element-6fc1133 e-flex e-con-boxed e-con e-parent\" data-id=\"6fc1133\" data-element_type=\"container\" data-e-type=\"container\">\n\t\t\t\t\t<div class=\"e-con-inner\">\n\t\t\t\t<div class=\"elementor-element elementor-element-b400c05 elementor-widget__width-initial elementor-widget-mobile__width-inherit elementor-widget elementor-widget-heading\" data-id=\"b400c05\" data-element_type=\"widget\" data-e-type=\"widget\" data-widget_type=\"heading.default\">\n\t\t\t\t<div class=\"elementor-widget-container\">\n\t\t\t\t\t<h2 class=\"elementor-heading-title elementor-size-default\">\u00bfEst\u00e1s buscando <b>una agencia de viajes confiable<\/b>  para\nrespaldar tus viajes de negocios?<\/h2>\t\t\t\t<\/div>\n\t\t\t\t<\/div>\n\t\t\t\t<div class=\"elementor-element elementor-element-5f5095e elementor-widget elementor-widget-text-editor\" data-id=\"5f5095e\" data-element_type=\"widget\" data-e-type=\"widget\" data-widget_type=\"text-editor.default\">\n\t\t\t\t<div class=\"elementor-widget-container\">\n\t\t\t\t\t\t\t\t\t<p>Nos encargamos de cada detalle para garantizar la comodidad y seguridad en tus viajes de negocios, brindando atenci\u00f3n personalizada y asistencia 24\/7 para soporte continuo y soluciones r\u00e1pidas ante cualquier imprevisto.\u2028 <br \/><br \/>Adem\u00e1s, ofrecemos <strong>l\u00edneas de cr\u00e9dito flexibles<\/strong> para facilitar una gesti\u00f3n financiera eficiente de los gastos de viaje.<\/p>\t\t\t\t\t\t\t\t<\/div>\n\t\t\t\t<\/div>\n\t\t\t\t\t<\/div>\n\t\t\t\t<\/div>\n\t\t<div class=\"elementor-element elementor-element-e1a9729 e-flex e-con-boxed e-con e-parent\" data-id=\"e1a9729\" data-element_type=\"container\" data-e-type=\"container\">\n\t\t\t\t\t<div class=\"e-con-inner\">\n\t\t\t\t<div class=\"elementor-element elementor-element-c73f775 elementor-widget elementor-widget-html\" data-id=\"c73f775\" data-element_type=\"widget\" data-e-type=\"widget\" data-widget_type=\"html.default\">\n\t\t\t\t<div class=\"elementor-widget-container\">\n\t\t\t\t\t<script>window.$zoho=window.$zoho || {};$zoho.salesiq=$zoho.salesiq||{ready:function(){}}<\/script><script id=\"zsiqscript\" src=\"https:\/\/salesiq.zohopublic.com\/widget?wc=siq8fc36066fbc5071adc1e9e8550509e3f03af1989e9c2d42013e7d8fa7e22c39c\" defer><\/script>\t\t\t\t<\/div>\n\t\t\t\t<\/div>\n\t\t\t\t\t<\/div>\n\t\t\t\t<\/div>\n\t\t\t\t<\/div>\n\t\t","protected":false},"excerpt":{"rendered":"<p>Servicios Corporativos \u00bfEst\u00e1s buscando una agencia de viajes confiable para respaldar tus viajes de negocios? Nos encargamos de cada detalle para garantizar la comodidad y seguridad en tus viajes de negocios, brindando atenci\u00f3n personalizada y asistencia 24\/7 para soporte continuo y soluciones r\u00e1pidas ante cualquier imprevisto.\u2028 Adem\u00e1s, ofrecemos l\u00edneas de cr\u00e9dito flexibles para facilitar una [&hellip;]<\/p>\n","protected":false},"author":150,"featured_media":0,"parent":0,"menu_order":0,"comment_status":"closed","ping_status":"closed","template":"elementor_header_footer","meta":{"_acf_changed":false,"footnotes":""},"class_list":["post-34634","page","type-page","status-publish","hentry"],"acf":[],"_links":{"self":[{"href":"https:\/\/viajes-anita.com\/en\/wp-json\/wp\/v2\/pages\/34634","targetHints":{"allow":["GET"]}}],"collection":[{"href":"https:\/\/viajes-anita.com\/en\/wp-json\/wp\/v2\/pages"}],"about":[{"href":"https:\/\/viajes-anita.com\/en\/wp-json\/wp\/v2\/types\/page"}],"author":[{"embeddable":true,"href":"https:\/\/viajes-anita.com\/en\/wp-json\/wp\/v2\/users\/150"}],"replies":[{"embeddable":true,"href":"https:\/\/viajes-anita.com\/en\/wp-json\/wp\/v2\/comments?post=34634"}],"version-history":[{"count":4,"href":"https:\/\/viajes-anita.com\/en\/wp-json\/wp\/v2\/pages\/34634\/revisions"}],"predecessor-version":[{"id":34638,"href":"https:\/\/viajes-anita.com\/en\/wp-json\/wp\/v2\/pages\/34634\/revisions\/34638"}],"wp:attachment":[{"href":"https:\/\/viajes-anita.com\/en\/wp-json\/wp\/v2\/media?parent=34634"}],"curies":[{"name":"wp","href":"https:\/\/api.w.org\/{rel}","templated":true}]}}