{"id":33451,"date":"2026-02-12T14:44:04","date_gmt":"2026-02-12T14:44:04","guid":{"rendered":"https:\/\/viajes-anita.com\/?page_id=33451"},"modified":"2026-02-12T14:48:49","modified_gmt":"2026-02-12T14:48:49","slug":"thank-you","status":"publish","type":"page","link":"https:\/\/viajes-anita.com\/en\/gracias\/","title":{"rendered":"Gracias"},"content":{"rendered":"<div data-elementor-type=\"wp-page\" data-elementor-id=\"33451\" class=\"elementor elementor-33451\" data-elementor-post-type=\"page\">\n\t\t\t\t<div class=\"elementor-element elementor-element-ef97a2b e-flex e-con-boxed e-con e-parent\" data-id=\"ef97a2b\" data-element_type=\"container\" data-e-type=\"container\" data-settings=\"{&quot;background_background&quot;:&quot;classic&quot;}\">\n\t\t\t\t\t<div class=\"e-con-inner\">\n\t\t\t\t<div class=\"elementor-element elementor-element-1dbe32c elementor-widget elementor-widget-heading\" data-id=\"1dbe32c\" data-element_type=\"widget\" data-e-type=\"widget\" data-widget_type=\"heading.default\">\n\t\t\t\t<div class=\"elementor-widget-container\">\n\t\t\t\t\t<h1 class=\"elementor-heading-title elementor-size-default\">Thank you for contacting <br>to Viajes Anita<\/h1>\t\t\t\t<\/div>\n\t\t\t\t<\/div>\n\t\t\t\t\t<\/div>\n\t\t\t\t<\/div>\n\t\t<div class=\"elementor-element elementor-element-d56e8e4 e-flex e-con-boxed e-con e-parent\" data-id=\"d56e8e4\" data-element_type=\"container\" data-e-type=\"container\">\n\t\t\t\t\t<div class=\"e-con-inner\">\n\t\t\t\t<div class=\"elementor-element elementor-element-8f4a91a elementor-widget__width-initial elementor-widget-mobile__width-inherit elementor-widget elementor-widget-text-editor\" data-id=\"8f4a91a\" data-element_type=\"widget\" data-e-type=\"widget\" data-widget_type=\"text-editor.default\">\n\t\t\t\t<div class=\"elementor-widget-container\">\n\t\t\t\t\t\t\t\t\t<p>We have received your message correctly and one of our travel consultants will contact you shortly to provide you with the information and advice you need. <br \/><br \/>It will be a pleasure to help you plan your next experience.<\/p>\t\t\t\t\t\t\t\t<\/div>\n\t\t\t\t<\/div>\n\t\t\t\t\t<\/div>\n\t\t\t\t<\/div>\n\t\t\t\t<\/div>","protected":false},"excerpt":{"rendered":"<p>Gracias por contactar a Viajes Anita Hemos recibido tu mensaje correctamente y uno de nuestros asesores de viajes se comunicar\u00e1 contigo en breve para brindarte la informaci\u00f3n y asesor\u00eda que necesitas. Ser\u00e1 un placer ayudarte a planificar tu pr\u00f3xima experiencia.<\/p>","protected":false},"author":150,"featured_media":0,"parent":0,"menu_order":0,"comment_status":"closed","ping_status":"closed","template":"elementor_header_footer","meta":{"_acf_changed":false,"footnotes":""},"class_list":["post-33451","page","type-page","status-publish","hentry"],"acf":[],"_links":{"self":[{"href":"https:\/\/viajes-anita.com\/en\/wp-json\/wp\/v2\/pages\/33451","targetHints":{"allow":["GET"]}}],"collection":[{"href":"https:\/\/viajes-anita.com\/en\/wp-json\/wp\/v2\/pages"}],"about":[{"href":"https:\/\/viajes-anita.com\/en\/wp-json\/wp\/v2\/types\/page"}],"author":[{"embeddable":true,"href":"https:\/\/viajes-anita.com\/en\/wp-json\/wp\/v2\/users\/150"}],"replies":[{"embeddable":true,"href":"https:\/\/viajes-anita.com\/en\/wp-json\/wp\/v2\/comments?post=33451"}],"version-history":[{"count":19,"href":"https:\/\/viajes-anita.com\/en\/wp-json\/wp\/v2\/pages\/33451\/revisions"}],"predecessor-version":[{"id":33470,"href":"https:\/\/viajes-anita.com\/en\/wp-json\/wp\/v2\/pages\/33451\/revisions\/33470"}],"wp:attachment":[{"href":"https:\/\/viajes-anita.com\/en\/wp-json\/wp\/v2\/media?parent=33451"}],"curies":[{"name":"wp","href":"https:\/\/api.w.org\/{rel}","templated":true}]}}