{"id":26185,"date":"2024-11-21T21:57:59","date_gmt":"2024-11-21T21:57:59","guid":{"rendered":"https:\/\/viajes-anita.com\/?page_id=26185"},"modified":"2024-11-27T17:07:00","modified_gmt":"2024-11-27T17:07:00","slug":"chiriqui","status":"publish","type":"page","link":"https:\/\/viajes-anita.com\/en\/chiriqui\/","title":{"rendered":"Chiriqu\u00ed"},"content":{"rendered":"<div data-elementor-type=\"wp-page\" data-elementor-id=\"26185\" class=\"elementor elementor-26185\" data-elementor-post-type=\"page\">\n\t\t\t\t<div class=\"elementor-element elementor-element-b147312 e-flex e-con-boxed e-con e-parent\" data-id=\"b147312\" data-element_type=\"container\" data-e-type=\"container\" data-settings=\"{&quot;background_background&quot;:&quot;classic&quot;}\">\n\t\t\t\t\t<div class=\"e-con-inner\">\n\t\t\t\t<div class=\"elementor-element elementor-element-20c9d6f elementor-widget elementor-widget-heading\" data-id=\"20c9d6f\" data-element_type=\"widget\" data-e-type=\"widget\" data-widget_type=\"heading.default\">\n\t\t\t\t<div class=\"elementor-widget-container\">\n\t\t\t\t\t<h1 class=\"elementor-heading-title elementor-size-default\">Chiriqu\u00ed<\/h1>\t\t\t\t<\/div>\n\t\t\t\t<\/div>\n\t\t\t\t\t<\/div>\n\t\t\t\t<\/div>\n\t\t<div class=\"elementor-element elementor-element-5406d1c e-flex e-con-boxed e-con e-parent\" data-id=\"5406d1c\" data-element_type=\"container\" data-e-type=\"container\">\n\t\t\t\t\t<div class=\"e-con-inner\">\n\t\t\t\t<div class=\"elementor-element elementor-element-5bb0d87 elementor-widget elementor-widget-heading\" data-id=\"5bb0d87\" data-element_type=\"widget\" data-e-type=\"widget\" data-widget_type=\"heading.default\">\n\t\t\t\t<div class=\"elementor-widget-container\">\n\t\t\t\t\t<h2 class=\"elementor-heading-title elementor-size-default\">Information about Viajes Anita Chiriqui<\/h2>\t\t\t\t<\/div>\n\t\t\t\t<\/div>\n\t\t\t\t<div class=\"elementor-element elementor-element-e586888 elementor-widget elementor-widget-text-editor\" data-id=\"e586888\" data-element_type=\"widget\" data-e-type=\"widget\" data-widget_type=\"text-editor.default\">\n\t\t\t\t<div class=\"elementor-widget-container\">\n\t\t\t\t\t\t\t\t\t<p>With our experience of more than 48 years in the travel and tourism market, we have arrived to the beautiful province of Chiriqui with our recently inaugurated and modern branch office.<\/p><p>Not only will we attend to the very important chirican clientele in each and every one of their travel needs, whether for pleasure or business, but we will also adapt to their possibilities and advise them with our vast experience. We will even put at your disposal our multiple strategic alliances, in order to guarantee you the best price\/value relation in your purchases.<\/p>\t\t\t\t\t\t\t\t<\/div>\n\t\t\t\t<\/div>\n\t\t\t\t\t<\/div>\n\t\t\t\t<\/div>\n\t\t<div class=\"elementor-element elementor-element-3786e55 e-flex e-con-boxed e-con e-parent\" data-id=\"3786e55\" data-element_type=\"container\" data-e-type=\"container\">\n\t\t\t\t\t<div class=\"e-con-inner\">\n\t\t\t\t<div class=\"elementor-element elementor-element-6ec0132 elementor-widget elementor-widget-heading\" data-id=\"6ec0132\" data-element_type=\"widget\" data-e-type=\"widget\" data-widget_type=\"heading.default\">\n\t\t\t\t<div class=\"elementor-widget-container\">\n\t\t\t\t\t<h3 class=\"elementor-heading-title elementor-size-default\">Packages that may interest you<\/h3>\t\t\t\t<\/div>\n\t\t\t\t<\/div>\n\t\t\t\t\t<\/div>\n\t\t\t\t<\/div>\n\t\t<div class=\"elementor-element elementor-element-dcfb6b3 e-flex e-con-boxed e-con e-parent\" data-id=\"dcfb6b3\" data-element_type=\"container\" data-e-type=\"container\" data-settings=\"{&quot;background_background&quot;:&quot;classic&quot;}\">\n\t\t\t\t\t<div class=\"e-con-inner\">\n\t\t<div class=\"elementor-element elementor-element-7847614 e-con-full e-flex e-con e-child\" data-id=\"7847614\" data-element_type=\"container\" data-e-type=\"container\">\n\t\t\t\t<div class=\"elementor-element elementor-element-59a317f elementor-widget__width-inherit elementor-widget elementor-widget-heading\" data-id=\"59a317f\" data-element_type=\"widget\" data-e-type=\"widget\" data-widget_type=\"heading.default\">\n\t\t\t\t<div class=\"elementor-widget-container\">\n\t\t\t\t\t<h2 class=\"elementor-heading-title elementor-size-default\">Live Chiriqui your way<\/h2>\t\t\t\t<\/div>\n\t\t\t\t<\/div>\n\t\t\t\t<div class=\"elementor-element elementor-element-e591f18 elementor-widget__width-inherit elementor-widget elementor-widget-heading\" data-id=\"e591f18\" data-element_type=\"widget\" data-e-type=\"widget\" data-widget_type=\"heading.default\">\n\t\t\t\t<div class=\"elementor-widget-container\">\n\t\t\t\t\t<div class=\"elementor-heading-title elementor-size-default\">Book your next adventure with us!<\/div>\t\t\t\t<\/div>\n\t\t\t\t<\/div>\n\t\t\t\t<div class=\"elementor-element elementor-element-dd024ac elementor-widget elementor-widget-heading\" data-id=\"dd024ac\" data-element_type=\"widget\" data-e-type=\"widget\" data-widget_type=\"heading.default\">\n\t\t\t\t<div class=\"elementor-widget-container\">\n\t\t\t\t\t<div class=\"elementor-heading-title elementor-size-default\">Explore, relax and marvel at the diversity of this unique destination.<\/div>\t\t\t\t<\/div>\n\t\t\t\t<\/div>\n\t\t\t\t<\/div>\n\t\t\t\t\t<\/div>\n\t\t\t\t<\/div>\n\t\t\t\t<\/div>","protected":false},"excerpt":{"rendered":"<p>Chiriqu\u00ed Informaci\u00f3n sobre Viajes Anita Chiriqu\u00ed Con nuestra experiencia de m\u00e1s de 48 a\u00f1os en el mercado de viajes y turismo, hemos llegado a la hermosa provincia de Chiriqu\u00ed con nuestra reci\u00e9n inaugurada y moderna sucursal. No solo vamos a atender a la muy\u00a0 importante clientela chiricana en todas y cada una de sus necesidades [&hellip;]<\/p>\n","protected":false},"author":2,"featured_media":0,"parent":0,"menu_order":0,"comment_status":"closed","ping_status":"closed","template":"elementor_header_footer","meta":{"_acf_changed":false,"footnotes":""},"class_list":["post-26185","page","type-page","status-publish","hentry"],"acf":[],"_links":{"self":[{"href":"https:\/\/viajes-anita.com\/en\/wp-json\/wp\/v2\/pages\/26185","targetHints":{"allow":["GET"]}}],"collection":[{"href":"https:\/\/viajes-anita.com\/en\/wp-json\/wp\/v2\/pages"}],"about":[{"href":"https:\/\/viajes-anita.com\/en\/wp-json\/wp\/v2\/types\/page"}],"author":[{"embeddable":true,"href":"https:\/\/viajes-anita.com\/en\/wp-json\/wp\/v2\/users\/2"}],"replies":[{"embeddable":true,"href":"https:\/\/viajes-anita.com\/en\/wp-json\/wp\/v2\/comments?post=26185"}],"version-history":[{"count":0,"href":"https:\/\/viajes-anita.com\/en\/wp-json\/wp\/v2\/pages\/26185\/revisions"}],"wp:attachment":[{"href":"https:\/\/viajes-anita.com\/en\/wp-json\/wp\/v2\/media?parent=26185"}],"curies":[{"name":"wp","href":"https:\/\/api.w.org\/{rel}","templated":true}]}}